{"id":1423,"date":"2021-01-21T16:49:20","date_gmt":"2021-01-21T14:49:20","guid":{"rendered":"https:\/\/nematerialakultura.lv\/?page_id=1423"},"modified":"2025-05-28T18:51:57","modified_gmt":"2025-05-28T15:51:57","slug":"ka-pieteikt-elementu","status":"publish","type":"page","link":"https:\/\/nematerialakultura.lv\/en\/ka-pieteikt-elementu\/","title":{"rendered":"How to make an entry"},"content":{"rendered":"<p class=\"has-medium-font-size\">If you want to apply for a new intangible cultural heritage (ICH) element\/value for the intangible cultural heritage list, you must first create your own profile, i.e. authorized as a user on the \u201cnematerialakultura.lv\u201d page by using Latvija.lv or any of the internetbanks:<\/p>\n\n\n\n<figure class=\"wp-block-image size-large is-resized\"><img loading=\"lazy\" decoding=\"async\" width=\"724\" height=\"654\" src=\"https:\/\/nematerialakultura.lv\/wp-content\/uploads\/scrnshot-ar-mana-darba-vieta-2.png\" alt=\"\" class=\"wp-image-1459\" style=\"width:290px;height:261px\" srcset=\"https:\/\/nematerialakultura.lv\/wp-content\/uploads\/scrnshot-ar-mana-darba-vieta-2.png 724w, https:\/\/nematerialakultura.lv\/wp-content\/uploads\/scrnshot-ar-mana-darba-vieta-2-300x271.png 300w\" sizes=\"auto, (max-width: 724px) 100vw, 724px\" \/><\/figure>\n\n\n\n<p class=\"has-medium-font-size\">Fill in all the required information about yourself. If necessary, additional contact details shall also be indicated.<\/p>\n\n\n\n<p class=\"has-medium-font-size\"><strong>The infomation entered is saved every time<\/strong>!<\/p>\n\n\n\n<figure class=\"wp-block-image size-large is-resized\"><img loading=\"lazy\" decoding=\"async\" width=\"779\" height=\"861\" src=\"https:\/\/nematerialakultura.lv\/wp-content\/uploads\/saglabat-poga-profilam-2.png\" alt=\"\" class=\"wp-image-1465\" style=\"width:299px;height:330px\" srcset=\"https:\/\/nematerialakultura.lv\/wp-content\/uploads\/saglabat-poga-profilam-2.png 779w, https:\/\/nematerialakultura.lv\/wp-content\/uploads\/saglabat-poga-profilam-2-271x300.png 271w, https:\/\/nematerialakultura.lv\/wp-content\/uploads\/saglabat-poga-profilam-2-768x849.png 768w\" sizes=\"auto, (max-width: 779px) 100vw, 779px\" \/><\/figure>\n\n\n\n<p class=\"has-medium-font-size\">You can then start creating an application by pressing \u201clogin a new item\u201d, or view your existing applications.<\/p>\n\n\n\n<figure class=\"wp-block-image size-large is-resized\"><img loading=\"lazy\" decoding=\"async\" width=\"614\" height=\"407\" src=\"https:\/\/nematerialakultura.lv\/wp-content\/uploads\/jauns-elements-1.png\" alt=\"\" class=\"wp-image-1462\" style=\"width:297px;height:197px\" srcset=\"https:\/\/nematerialakultura.lv\/wp-content\/uploads\/jauns-elements-1.png 614w, https:\/\/nematerialakultura.lv\/wp-content\/uploads\/jauns-elements-1-300x199.png 300w\" sizes=\"auto, (max-width: 614px) 100vw, 614px\" \/><\/figure>\n\n\n\n<p class=\"has-medium-font-size\">Entries in the questionnaire sections requested information. Do not exit the page before you press the \u201cSave\u201d icon in the upper corner of the page. This also applies to each next page.<\/p>\n\n\n\n<figure class=\"wp-block-image size-large is-resized\"><img loading=\"lazy\" decoding=\"async\" width=\"1024\" height=\"294\" src=\"https:\/\/nematerialakultura.lv\/wp-content\/uploads\/elementa-anketa-saglabat-poga-4-1024x294.png\" alt=\"\" class=\"wp-image-1472\" style=\"width:333px;height:95px\" srcset=\"https:\/\/nematerialakultura.lv\/wp-content\/uploads\/elementa-anketa-saglabat-poga-4-1024x294.png 1024w, https:\/\/nematerialakultura.lv\/wp-content\/uploads\/elementa-anketa-saglabat-poga-4-300x86.png 300w, https:\/\/nematerialakultura.lv\/wp-content\/uploads\/elementa-anketa-saglabat-poga-4-768x221.png 768w, https:\/\/nematerialakultura.lv\/wp-content\/uploads\/elementa-anketa-saglabat-poga-4.png 1071w\" sizes=\"auto, (max-width: 1024px) 100vw, 1024px\" \/><\/figure>\n\n\n\n<p class=\"has-medium-font-size\">An explanation of what and how to write is searched in the pop-up \u201cinfo\u201d box:<\/p>\n\n\n\n<figure class=\"wp-block-image size-large is-resized\"><img loading=\"lazy\" decoding=\"async\" width=\"851\" height=\"347\" src=\"https:\/\/nematerialakultura.lv\/wp-content\/uploads\/informacija.png\" alt=\"\" class=\"wp-image-1893\" style=\"width:324px;height:132px\" srcset=\"https:\/\/nematerialakultura.lv\/wp-content\/uploads\/informacija.png 851w, https:\/\/nematerialakultura.lv\/wp-content\/uploads\/informacija-300x122.png 300w, https:\/\/nematerialakultura.lv\/wp-content\/uploads\/informacija-768x313.png 768w\" sizes=\"auto, (max-width: 851px) 100vw, 851px\" \/><\/figure>\n\n\n\n<p class=\"has-medium-font-size\">In section A.2 of the questionnaire, if necessary, it is possible to record the name of the element in daily communication and\/or dialect. Indicates whether it is a terrain or a word in a dialect. <\/p>\n\n\n\n<figure class=\"wp-block-image size-large is-resized\"><img loading=\"lazy\" decoding=\"async\" width=\"956\" height=\"339\" src=\"https:\/\/nematerialakultura.lv\/wp-content\/uploads\/dialekts-vai-apvidvards.png\" alt=\"\" class=\"wp-image-1511\" style=\"width:339px;height:119px\" srcset=\"https:\/\/nematerialakultura.lv\/wp-content\/uploads\/dialekts-vai-apvidvards.png 956w, https:\/\/nematerialakultura.lv\/wp-content\/uploads\/dialekts-vai-apvidvards-300x106.png 300w, https:\/\/nematerialakultura.lv\/wp-content\/uploads\/dialekts-vai-apvidvards-768x272.png 768w\" sizes=\"auto, (max-width: 956px) 100vw, 956px\" \/><figcaption class=\"wp-element-caption\">If there is no information, leave the section blank.<\/figcaption><\/figure>\n\n\n\n<p class=\"has-medium-font-size\">If an element name requires an explanation, the records also do so. If not, leave the section blank. <\/p>\n\n\n\n<figure class=\"wp-block-image size-large is-resized\"><img loading=\"lazy\" decoding=\"async\" width=\"961\" height=\"445\" src=\"https:\/\/nematerialakultura.lv\/wp-content\/uploads\/nosaukuma-skaidrojums.png\" alt=\"\" class=\"wp-image-1513\" style=\"width:344px;height:158px\" srcset=\"https:\/\/nematerialakultura.lv\/wp-content\/uploads\/nosaukuma-skaidrojums.png 961w, https:\/\/nematerialakultura.lv\/wp-content\/uploads\/nosaukuma-skaidrojums-300x139.png 300w, https:\/\/nematerialakultura.lv\/wp-content\/uploads\/nosaukuma-skaidrojums-768x356.png 768w\" sizes=\"auto, (max-width: 961px) 100vw, 961px\" \/><\/figure>\n\n\n\n<p class=\"has-medium-font-size\">In SECTION A.3, indicate the domain the ELEMENT of THE ICH belongs to. Remember that you can also indicate several domanis. If you can't find the necessary domain, then indicate \u201canother area\u201d.<\/p>\n\n\n\n<figure class=\"wp-block-image size-large is-resized\"><img loading=\"lazy\" decoding=\"async\" width=\"764\" height=\"312\" src=\"https:\/\/nematerialakultura.lv\/wp-content\/uploads\/piederiba-jomai.png\" alt=\"\" class=\"wp-image-1514\" style=\"width:343px;height:139px\" srcset=\"https:\/\/nematerialakultura.lv\/wp-content\/uploads\/piederiba-jomai.png 764w, https:\/\/nematerialakultura.lv\/wp-content\/uploads\/piederiba-jomai-300x123.png 300w\" sizes=\"auto, (max-width: 764px) 100vw, 764px\" \/><\/figure>\n\n\n\n<p class=\"has-medium-font-size\">If an element is associated with a specific geographic location, the entries in A.4. If there is no specific location, explain it in the next section. You can also write any other explanation (for example, that the element has historically been associated with a particular municipality\/site, but later spread outside the region, etc.)<\/p>\n\n\n\n<figure class=\"wp-block-image size-large is-resized\"><img loading=\"lazy\" decoding=\"async\" width=\"1024\" height=\"529\" src=\"https:\/\/nematerialakultura.lv\/wp-content\/uploads\/piederiba-vietai-bez-bultinas-1024x529.png\" alt=\"\" class=\"wp-image-1515\" style=\"width:359px;height:184px\" srcset=\"https:\/\/nematerialakultura.lv\/wp-content\/uploads\/piederiba-vietai-bez-bultinas-1024x529.png 1024w, https:\/\/nematerialakultura.lv\/wp-content\/uploads\/piederiba-vietai-bez-bultinas-300x155.png 300w, https:\/\/nematerialakultura.lv\/wp-content\/uploads\/piederiba-vietai-bez-bultinas-768x397.png 768w, https:\/\/nematerialakultura.lv\/wp-content\/uploads\/piederiba-vietai-bez-bultinas.png 1083w\" sizes=\"auto, (max-width: 1024px) 100vw, 1024px\" \/><\/figure>\n\n\n\n<p class=\"has-medium-font-size\">In section A.10, it is possible to mention other knowledge, skills and routines related to the element (for example, in the preparation of J\u0101\u0146u cheese, the landlord is likely to take into account the moon phase or master who produces the musical instrument, also knows the repertoire of the instrument, etc.). <\/p>\n\n\n\n<figure class=\"wp-block-image size-large is-resized\"><img loading=\"lazy\" decoding=\"async\" width=\"1024\" height=\"504\" src=\"https:\/\/nematerialakultura.lv\/wp-content\/uploads\/citas-zinasanas-prasmes-utt-1024x504.png\" alt=\"\" class=\"wp-image-1519\" style=\"width:364px;height:179px\" srcset=\"https:\/\/nematerialakultura.lv\/wp-content\/uploads\/citas-zinasanas-prasmes-utt-1024x504.png 1024w, https:\/\/nematerialakultura.lv\/wp-content\/uploads\/citas-zinasanas-prasmes-utt-300x148.png 300w, https:\/\/nematerialakultura.lv\/wp-content\/uploads\/citas-zinasanas-prasmes-utt-768x378.png 768w, https:\/\/nematerialakultura.lv\/wp-content\/uploads\/citas-zinasanas-prasmes-utt.png 1106w\" sizes=\"auto, (max-width: 1024px) 100vw, 1024px\" \/><figcaption class=\"wp-element-caption\">If there is no such message, leave this section blank.<\/figcaption><\/figure>\n\n\n\n<p class=\"has-medium-font-size\">Under A.12. \u201c5 years\u201d of the \u201celement sustainability plan\u201d  <span style=\"text-decoration: underline;\">specific Planned <\/span>the measures to be taken by the authorities or persons responsible, and, where possible, the planned financing and the source thereof. First of all, describe what has been done so far and what impact it has left to the preservation of the element.<\/p>\n\n\n\n<figure class=\"wp-block-image size-large is-resized\"><img loading=\"lazy\" decoding=\"async\" width=\"811\" height=\"764\" src=\"https:\/\/nematerialakultura.lv\/wp-content\/uploads\/elementa-ilgtspeja.png\" alt=\"\" class=\"wp-image-1529\" style=\"width:367px;height:345px\" srcset=\"https:\/\/nematerialakultura.lv\/wp-content\/uploads\/elementa-ilgtspeja.png 811w, https:\/\/nematerialakultura.lv\/wp-content\/uploads\/elementa-ilgtspeja-300x283.png 300w, https:\/\/nematerialakultura.lv\/wp-content\/uploads\/elementa-ilgtspeja-768x723.png 768w\" sizes=\"auto, (max-width: 811px) 100vw, 811px\" \/><\/figure>\n\n\n\n<p class=\"has-medium-font-size\">Next, we are continuing on the planned work in ensuring the sustainability of the element.<\/p>\n\n\n\n<p class=\"has-medium-font-size\">In section A.13, write the applicant - either a person or an institution.<\/p>\n\n\n\n<p class=\"has-medium-font-size\">In section A.14, the person with whom the application can be contacted, both during and after the application is written. <\/p>\n\n\n\n<figure class=\"wp-block-image size-large is-resized\"><img loading=\"lazy\" decoding=\"async\" width=\"984\" height=\"200\" src=\"https:\/\/nematerialakultura.lv\/wp-content\/uploads\/pieteikuma-iesniedzejs.png\" alt=\"\" class=\"wp-image-1521\" style=\"width:375px;height:76px\" srcset=\"https:\/\/nematerialakultura.lv\/wp-content\/uploads\/pieteikuma-iesniedzejs.png 984w, https:\/\/nematerialakultura.lv\/wp-content\/uploads\/pieteikuma-iesniedzejs-300x61.png 300w, https:\/\/nematerialakultura.lv\/wp-content\/uploads\/pieteikuma-iesniedzejs-768x156.png 768w\" sizes=\"auto, (max-width: 984px) 100vw, 984px\" \/><\/figure>\n\n\n\n<figure class=\"wp-block-image size-large is-resized\"><img loading=\"lazy\" decoding=\"async\" width=\"792\" height=\"753\" src=\"https:\/\/nematerialakultura.lv\/wp-content\/uploads\/kontaktpersona-A14-1.png\" alt=\"\" class=\"wp-image-1522\" style=\"width:348px;height:330px\" srcset=\"https:\/\/nematerialakultura.lv\/wp-content\/uploads\/kontaktpersona-A14-1.png 792w, https:\/\/nematerialakultura.lv\/wp-content\/uploads\/kontaktpersona-A14-1-300x285.png 300w, https:\/\/nematerialakultura.lv\/wp-content\/uploads\/kontaktpersona-A14-1-768x730.png 768w\" sizes=\"auto, (max-width: 792px) 100vw, 792px\" \/><\/figure>\n\n\n\n<p class=\"has-medium-font-size\">Under ARTICLE A.15, the author of the application text. If the value\/element is included in THE SNA list, this name will appear on THE ICH inventory site as a text author.<\/p>\n\n\n\n<figure class=\"wp-block-image size-large is-resized\"><img loading=\"lazy\" decoding=\"async\" width=\"816\" height=\"133\" src=\"https:\/\/nematerialakultura.lv\/wp-content\/uploads\/autors-A15.png\" alt=\"\" class=\"wp-image-1523\" style=\"width:362px;height:58px\" srcset=\"https:\/\/nematerialakultura.lv\/wp-content\/uploads\/autors-A15.png 816w, https:\/\/nematerialakultura.lv\/wp-content\/uploads\/autors-A15-300x49.png 300w, https:\/\/nematerialakultura.lv\/wp-content\/uploads\/autors-A15-768x125.png 768w\" sizes=\"auto, (max-width: 816px) 100vw, 816px\" \/><\/figure>\n\n\n\n<p class=\"has-medium-font-size\"><strong>You can add photos, videos, sound files, and text files to the fourth page of the questionnaire. <\/strong><\/p>\n\n\n\n<p class=\"has-medium-font-size\">Section B.1 shall be accompanied by documents attesting: <span style=\"text-decoration: underline;\"><strong>the consent of the Community <\/strong><\/span>value\/element to be included IN THE ICH inventory (pdf or. edoc form):<\/p>\n\n\n\n<figure class=\"wp-block-image size-large is-resized\"><img loading=\"lazy\" decoding=\"async\" width=\"871\" height=\"415\" src=\"https:\/\/nematerialakultura.lv\/wp-content\/uploads\/pievienot-failu-1.png\" alt=\"\" class=\"wp-image-1886\" style=\"width:352px;height:168px\" srcset=\"https:\/\/nematerialakultura.lv\/wp-content\/uploads\/pievienot-failu-1.png 871w, https:\/\/nematerialakultura.lv\/wp-content\/uploads\/pievienot-failu-1-300x143.png 300w, https:\/\/nematerialakultura.lv\/wp-content\/uploads\/pievienot-failu-1-768x366.png 768w\" sizes=\"auto, (max-width: 871px) 100vw, 871px\" \/><\/figure>\n\n\n\n<p class=\"has-medium-font-size\">Press \u201cattach file\u201d, then select the document and press \u201cSelect\u201d (at the bottom corner of the page):<\/p>\n\n\n\n<figure class=\"wp-block-image size-large is-resized\"><img loading=\"lazy\" decoding=\"async\" width=\"295\" height=\"731\" src=\"https:\/\/nematerialakultura.lv\/wp-content\/uploads\/select-failam.png\" alt=\"\" class=\"wp-image-1887\" style=\"width:168px;height:416px\" srcset=\"https:\/\/nematerialakultura.lv\/wp-content\/uploads\/select-failam.png 295w, https:\/\/nematerialakultura.lv\/wp-content\/uploads\/select-failam-121x300.png 121w\" sizes=\"auto, (max-width: 295px) 100vw, 295px\" \/><\/figure>\n\n\n\n<p class=\"has-medium-font-size\"><strong>Add pictures, videos, and audio examples<\/strong><\/p>\n\n\n\n<p class=\"has-medium-font-size\">Click \u201cattach file\u201d, then \u201cselect files\u201d (in the middle of the page) <\/p>\n\n\n\n<figure class=\"wp-block-image size-large is-resized\"><img loading=\"lazy\" decoding=\"async\" width=\"1024\" height=\"555\" src=\"https:\/\/nematerialakultura.lv\/wp-content\/uploads\/atlasit-failus-1024x555.png\" alt=\"\" class=\"wp-image-1889\" style=\"width:315px;height:171px\" srcset=\"https:\/\/nematerialakultura.lv\/wp-content\/uploads\/atlasit-failus-1024x555.png 1024w, https:\/\/nematerialakultura.lv\/wp-content\/uploads\/atlasit-failus-300x163.png 300w, https:\/\/nematerialakultura.lv\/wp-content\/uploads\/atlasit-failus-768x416.png 768w, https:\/\/nematerialakultura.lv\/wp-content\/uploads\/atlasit-failus.png 1140w\" sizes=\"auto, (max-width: 1024px) 100vw, 1024px\" \/><\/figure>\n\n\n\n<p class=\"has-medium-font-size\"><strong>When the image is selected, press \u201cSelect\u201d again in the lower corner of the page!<\/strong><\/p>\n\n\n\n<p class=\"has-medium-font-size\">You can download all the attachments required for the application \u2013 pictures, videos, sounds, text \u2013 and at the time you want to add one of them, press \u201cmedia library\u201d (in the upper left corner of the page) where you'll find all the downloaded materials:<\/p>\n\n\n\n<figure class=\"wp-block-image size-large is-resized\"><img loading=\"lazy\" decoding=\"async\" width=\"497\" height=\"232\" src=\"https:\/\/nematerialakultura.lv\/wp-content\/uploads\/multivides-biblioteka.png\" alt=\"\" class=\"wp-image-1894\" style=\"width:240px;height:113px\" srcset=\"https:\/\/nematerialakultura.lv\/wp-content\/uploads\/multivides-biblioteka.png 497w, https:\/\/nematerialakultura.lv\/wp-content\/uploads\/multivides-biblioteka-300x140.png 300w\" sizes=\"auto, (max-width: 497px) 100vw, 497px\" \/><\/figure>\n\n\n\n<p class=\"has-medium-font-size\">When an image (video, audio file) is added to a form, the articles contain its name and description, following the instructions in the questionnaire box and the pop-up \u201cinfo\u201d box.<\/p>\n\n\n\n<figure class=\"wp-block-image size-large is-resized\"><img loading=\"lazy\" decoding=\"async\" width=\"964\" height=\"495\" src=\"https:\/\/nematerialakultura.lv\/wp-content\/uploads\/attela-nosaukums-un-apraksts.png\" alt=\"\" class=\"wp-image-1890\" style=\"width:347px;height:177px\" srcset=\"https:\/\/nematerialakultura.lv\/wp-content\/uploads\/attela-nosaukums-un-apraksts.png 964w, https:\/\/nematerialakultura.lv\/wp-content\/uploads\/attela-nosaukums-un-apraksts-300x154.png 300w, https:\/\/nematerialakultura.lv\/wp-content\/uploads\/attela-nosaukums-un-apraksts-768x394.png 768w\" sizes=\"auto, (max-width: 964px) 100vw, 964px\" \/><\/figure>\n\n\n\n<p class=\"has-medium-font-size\">Not less than 6 and not more than 12 <strong>for images<\/strong> jpg, jpeg or png format.<\/p>\n\n\n\n<p class=\"has-medium-font-size\">Adds an element characterising <strong>video<\/strong> \u2013 not less than one and no more than 10 video files (not longer than 5 minutes) in mp4 format. <\/p>\n\n\n\n<p class=\"has-medium-font-size\">If necessary, the following shall be added: <strong>audio<\/strong> examples in mp3 format (up to 5 files) and <strong>text <\/strong>fragments in Doc, docx, or pdf format (up to 12 files).<\/p>\n\n\n\n<p class=\"has-medium-font-size\">Adds an author's attestation to each photo, video, sound, and text file. The certificate form is found in: (<strong><a href=\"https:\/\/nematerialakultura.lv\/wp-content\/uploads\/Autortiesibu-apliecinajums.docx\">Form<\/a><\/strong>)<\/p>\n\n\n\n<p class=\"has-medium-font-size\">Appended to application <span style=\"text-decoration: underline;\">that<\/span>as well as in photos and videos <span style=\"text-decoration: underline;\">visible<\/span> personal evidence of consent to the processing of personal data. The certificate form is found in: (<strong><a href=\"https:\/\/nematerialakultura.lv\/wp-content\/uploads\/Personu-datu-apstrade.docx\">Form<\/a><\/strong>)<\/p>\n\n\n\n<p class=\"has-medium-font-size\">Inscriptions where the materials used to prepare the application are stored (photo, video, audio etc.):<\/p>\n\n\n\n<figure class=\"wp-block-image size-large is-resized\"><img loading=\"lazy\" decoding=\"async\" width=\"818\" height=\"410\" src=\"https:\/\/nematerialakultura.lv\/wp-content\/uploads\/b9.png\" alt=\"\" class=\"wp-image-1898\" style=\"width:322px;height:160px\" srcset=\"https:\/\/nematerialakultura.lv\/wp-content\/uploads\/b9.png 818w, https:\/\/nematerialakultura.lv\/wp-content\/uploads\/b9-300x150.png 300w, https:\/\/nematerialakultura.lv\/wp-content\/uploads\/b9-768x385.png 768w\" sizes=\"auto, (max-width: 818px) 100vw, 818px\" \/><\/figure>\n\n\n\n<p class=\"has-medium-font-size\">If, when the application is drawn up, interviews are used, the following shall also be indicated, as well as other sources used:<\/p>\n\n\n\n<figure class=\"wp-block-image size-large is-resized\"><img loading=\"lazy\" decoding=\"async\" width=\"881\" height=\"523\" src=\"https:\/\/nematerialakultura.lv\/wp-content\/uploads\/b8.png\" alt=\"\" class=\"wp-image-1900\" style=\"width:333px;height:198px\" srcset=\"https:\/\/nematerialakultura.lv\/wp-content\/uploads\/b8.png 881w, https:\/\/nematerialakultura.lv\/wp-content\/uploads\/b8-300x178.png 300w, https:\/\/nematerialakultura.lv\/wp-content\/uploads\/b8-768x456.png 768w\" sizes=\"auto, (max-width: 881px) 100vw, 881px\" \/><\/figure>\n\n\n\n<p class=\"has-medium-font-size\">If you want to check how the written text looks as a whole, you can do so by pressing \u201cpreview\u201d:<\/p>\n\n\n\n<figure class=\"wp-block-image size-large is-resized\"><img loading=\"lazy\" decoding=\"async\" width=\"787\" height=\"230\" src=\"https:\/\/nematerialakultura.lv\/wp-content\/uploads\/prieksskatit.png\" alt=\"\" class=\"wp-image-1895\" style=\"width:339px;height:99px\" srcset=\"https:\/\/nematerialakultura.lv\/wp-content\/uploads\/prieksskatit.png 787w, https:\/\/nematerialakultura.lv\/wp-content\/uploads\/prieksskatit-300x88.png 300w, https:\/\/nematerialakultura.lv\/wp-content\/uploads\/prieksskatit-768x224.png 768w\" sizes=\"auto, (max-width: 787px) 100vw, 787px\" \/><\/figure>\n\n\n\n<p class=\"has-medium-font-size\">And now! <strong>FINALLY <\/strong>you've come to the point when you can press ''submit for examination':<\/p>\n\n\n\n<figure class=\"wp-block-image size-large is-resized\"><img loading=\"lazy\" decoding=\"async\" width=\"787\" height=\"230\" src=\"https:\/\/nematerialakultura.lv\/wp-content\/uploads\/nodot-izskatisanai-1.png\" alt=\"\" class=\"wp-image-1907\" style=\"width:345px;height:100px\" srcset=\"https:\/\/nematerialakultura.lv\/wp-content\/uploads\/nodot-izskatisanai-1.png 787w, https:\/\/nematerialakultura.lv\/wp-content\/uploads\/nodot-izskatisanai-1-300x88.png 300w, https:\/\/nematerialakultura.lv\/wp-content\/uploads\/nodot-izskatisanai-1-768x224.png 768w\" sizes=\"auto, (max-width: 787px) 100vw, 787px\" \/><\/figure>\n\n\n\n<p class=\"has-medium-font-size\">If you want to receive expert advice in the preparation of the application, you can also refer the entire application text and add all attachments before you complete it. You'll receive comments in a comment section where you can also write your questions, comments, and explanations:<\/p>\n\n\n\n<figure class=\"wp-block-image size-large is-resized\"><img loading=\"lazy\" decoding=\"async\" width=\"516\" height=\"301\" src=\"https:\/\/nematerialakultura.lv\/wp-content\/uploads\/komentaru-lapa-1.png\" alt=\"\" class=\"wp-image-1908\" style=\"width:267px;height:156px\" srcset=\"https:\/\/nematerialakultura.lv\/wp-content\/uploads\/komentaru-lapa-1.png 516w, https:\/\/nematerialakultura.lv\/wp-content\/uploads\/komentaru-lapa-1-300x175.png 300w\" sizes=\"auto, (max-width: 516px) 100vw, 516px\" \/><\/figure>\n\n\n\n<p class=\"has-medium-font-size\">Vari ar\u012b zvan\u012bt vai rakst\u012bt e-pasta v\u0113stuli LNKC ekspert\u0113m Martai Dzi\u013cumai &#8211; par tehniskiem jaut\u0101jumiem (marta.dziluma@lnkc.gov.lv) un  Gitai Lancerei &#8211; par satura jaut\u0101jumiem (+ 371 67228985, gita.lancere@lnkc.gov.lv). Esam gatavas pal\u012bdz\u0113t!<\/p>\n\n\n\n<p class=\"has-medium-font-size\">And remember that there is no unpleasant surprise when you prepare your application, don't forget to save all the information you have entered every time!<\/p>\n\n\n\n<p class=\"has-medium-font-size\">When, after all consultations and clarifications, the application is finally complete and all the necessary annexes are added, press the \u201creferral\u201d button:<\/p>\n\n\n\n<figure class=\"wp-block-image size-large\"><img loading=\"lazy\" decoding=\"async\" width=\"1024\" height=\"208\" src=\"https:\/\/nematerialakultura.lv\/wp-content\/uploads\/OnPaste.20210202-184946-1024x208.png\" alt=\"\" class=\"wp-image-2158\" srcset=\"https:\/\/nematerialakultura.lv\/wp-content\/uploads\/OnPaste.20210202-184946-1024x208.png 1024w, https:\/\/nematerialakultura.lv\/wp-content\/uploads\/OnPaste.20210202-184946-300x61.png 300w, https:\/\/nematerialakultura.lv\/wp-content\/uploads\/OnPaste.20210202-184946-768x156.png 768w, https:\/\/nematerialakultura.lv\/wp-content\/uploads\/OnPaste.20210202-184946.png 1438w\" sizes=\"auto, (max-width: 1024px) 100vw, 1024px\" \/><\/figure>\n\n\n\n<p class=\"has-medium-font-size\"><strong>From now on, you can no longer add and edit a document.<\/strong><\/p>\n\n\n\n<p class=\"has-medium-font-size\">Note that:<\/p>\n\n\n\n<p class=\"has-medium-font-size\">* the filing date of the application shall be fixed. You will no longer be able to edit this application before it is allowed by the page administrator. <\/p>\n\n\n\n<p class=\"has-medium-font-size\">* If THE OMC Board decides to include an element in THE OMC list, the text of the application will still be edited before it is published on THE OMC site. The wording of the text will be agreed with the author.<\/p>\n\n\n\n<p><\/p>\n\n\n\n<p class=\"has-medium-font-size\"><strong>Add a new value of intangible cultural heritage to the Latvian list!<\/strong><\/p>","protected":false},"excerpt":{"rendered":"<p>If you want to apply for a new intangible cultural heritage (SNA) element\/value for the intangible cultural heritage list, you must first create your own profile, i.e. authorized as a user on the \u201cnematerialakultura.lv\u201d page by using Latvija.lv or any of the internetbanks: fill in all the required information about yourself. If necessary, additional contact details shall also be indicated. The infomation entered is saved every time! Then you can start making an application by pushing \u201c[\u2026]\u201d<\/p>","protected":false},"author":1,"featured_media":0,"parent":0,"menu_order":0,"comment_status":"closed","ping_status":"closed","template":"","meta":{"footnotes":""},"class_list":["post-1423","page","type-page","status-publish","hentry"],"_links":{"self":[{"href":"https:\/\/nematerialakultura.lv\/en\/wp-json\/wp\/v2\/pages\/1423","targetHints":{"allow":["GET"]}}],"collection":[{"href":"https:\/\/nematerialakultura.lv\/en\/wp-json\/wp\/v2\/pages"}],"about":[{"href":"https:\/\/nematerialakultura.lv\/en\/wp-json\/wp\/v2\/types\/page"}],"author":[{"embeddable":true,"href":"https:\/\/nematerialakultura.lv\/en\/wp-json\/wp\/v2\/users\/1"}],"replies":[{"embeddable":true,"href":"https:\/\/nematerialakultura.lv\/en\/wp-json\/wp\/v2\/comments?post=1423"}],"version-history":[{"count":54,"href":"https:\/\/nematerialakultura.lv\/en\/wp-json\/wp\/v2\/pages\/1423\/revisions"}],"predecessor-version":[{"id":6948,"href":"https:\/\/nematerialakultura.lv\/en\/wp-json\/wp\/v2\/pages\/1423\/revisions\/6948"}],"wp:attachment":[{"href":"https:\/\/nematerialakultura.lv\/en\/wp-json\/wp\/v2\/media?parent=1423"}],"curies":[{"name":"wp","href":"https:\/\/api.w.org\/{rel}","templated":true}]}}