{"id":1557,"date":"2021-01-27T15:37:20","date_gmt":"2021-01-27T13:37:20","guid":{"rendered":"https:\/\/nematerialakultura.lv\/?page_id=1557"},"modified":"2025-12-03T17:18:44","modified_gmt":"2025-12-03T15:18:44","slug":"resursi-2","status":"publish","type":"page","link":"https:\/\/nematerialakultura.lv\/en\/resursi-2\/","title":{"rendered":"Resources"},"content":{"rendered":"<p><strong>Turning to the richness of the ancient layers of Latvian traditional music, the Latvian National Centre for Culture has prepared a methodological material in electronic format \u201cLatvian Traditional Recitatives. A Practical Handbook '. Edition is prepared by ethnomusicologists Ieva Tihovska, Zane Smite and Ilze Cepurniece.<\/strong><\/p>\n\n\n\n<div class=\"wp-block-file\"><a href=\"https:\/\/nematerialakultura.lv\/wp-content\/uploads\/TeiktaasDziesmas2021_labots.pdf\">Latvian Traditional Recitatives. A Practical Handbook<\/a><a href=\"https:\/\/nematerialakultura.lv\/wp-content\/uploads\/TeiktaasDziesmas2021_labots.pdf\" class=\"wp-block-file__button wp-element-button\" download>Download<\/a><\/div>\n\n\n\n<hr class=\"wp-block-separator has-alpha-channel-opacity\"\/>\n\n\n\n<p><strong>The Latvian storyteller association, in collaboration with LNKC and UNESCO LNK, has prepared e-publication \u201cthe stories of places, cases and people. Narrative traditions in Latvian culture, which summarize the materials of the 2018 III Latvian storyteller conference.<\/strong><\/p>\n\n\n\n<div class=\"wp-block-file\"><a href=\"https:\/\/nematerialakultura.lv\/wp-content\/uploads\/Vietu-lietu-un-cilv-st-2021.pdf\">The stories of places, things, and people. Narrative traditions in Latvian culture<\/a><a href=\"https:\/\/nematerialakultura.lv\/wp-content\/uploads\/Vietu-lietu-un-cilv-st-2021.pdf\" class=\"wp-block-file__button wp-element-button\" download>Download<\/a><\/div>\n\n\n\n<hr class=\"wp-block-separator has-alpha-channel-opacity\"\/>\n\n\n\n<p><strong>Projekt\u0101 \u201cDzied\u0101\u0161anas mantojums Latgal\u0113\u201d (Nr. LKP2025\/40) biedr\u012bba \u201cIniciat\u012bvu un kompeten\u010du atbalsta centrs\u201d sadarb\u012bb\u0101 ar Daugavpils Vien\u012bbas nama Trad\u012bciju m\u0101ju ar Valsts kult\u016brkapit\u0101la fonda m\u0113r\u0137programmas \u201cLatvie\u0161u v\u0113sturisko zemju att\u012bst\u012bbas programma\u201d un biedr\u012bbas \u201cLatgales re\u0123iona att\u012bst\u012bbas a\u0123ent\u016bra\u201d pie\u0161\u0137irto atbalstu piev\u0113rs\u0101s spilgt\u0101ko dzied\u0101\u0161anas trad\u012bciju Latgal\u0113 izzin\u0101\u0161anai. T\u0101s apkopoja muzikologs, profesors M\u0101rti\u0146\u0161 Boiko p\u0101rskat\u0101 \u201cPar vair\u0101k\u0101m iez\u012bm\u012bg\u0101m latgalie\u0161u tradicion\u0101l\u0101s m\u016bzikas praks\u0113m\u201d .<\/strong><\/p>\n\n\n\n<div class=\"wp-block-file\"><a id=\"wp-block-file--media-08d8e91f-b138-4b02-b769-9bad39f93950\" href=\"https:\/\/nematerialakultura.lv\/wp-content\/uploads\/Par-vairakam-iezimigam-latgaliesu-tradicionalas-muzikas-praksem.pdf\">Par vair\u0101k\u0101m iez\u012bm\u012bg\u0101m latgalie\u0161u tradicion\u0101l\u0101s m\u016bzikas praks\u0113m<\/a><a href=\"https:\/\/nematerialakultura.lv\/wp-content\/uploads\/Par-vairakam-iezimigam-latgaliesu-tradicionalas-muzikas-praksem.pdf\" class=\"wp-block-file__button wp-element-button\" download aria-describedby=\"wp-block-file--media-08d8e91f-b138-4b02-b769-9bad39f93950\">Download<\/a><\/div>\n\n\n\n<p><strong>Within the framework of the project\u00a0<em>\u201cSinging Heritage in Latgale\u201d<\/em>\u00a0(No. LKP2025\/40), the association Initiative and Competence Support Center, in cooperation with the Daugavpils Unity House Tradition House and with support from the State Cultural Capital Fund\u2019s target program \u201cLatvian Historical Lands Development Program\u201d and the Latgale Region Development Agency, focused on highlighting some of the most notable singing traditions in Latgale. These traditions were outlined and described by musicologist and professor M. Boiko in the review\u00a0<em>\u201c<\/em>On Several Distinctive Practices of Latgalian Traditional Music.\u201d<\/strong><\/p>\n\n\n\n<div class=\"wp-block-columns is-layout-flex wp-container-core-columns-is-layout-9d6595d7 wp-block-columns-is-layout-flex\">\n<div class=\"wp-block-column is-vertically-aligned-center is-layout-flow wp-block-column-is-layout-flow\" style=\"flex-basis:100%\">\n<div class=\"wp-block-file\"><a id=\"wp-block-file--media-9e601765-1941-40f9-b4e7-ef0e3e5375b8\" href=\"https:\/\/nematerialakultura.lv\/wp-content\/uploads\/On-Several-Distinctive-Practices-of-Latgalian-Traditional-Music.pdf\">On Several Distinctive Practices of Latgalian Traditional Music<\/a><a href=\"https:\/\/nematerialakultura.lv\/wp-content\/uploads\/On-Several-Distinctive-Practices-of-Latgalian-Traditional-Music.pdf\" class=\"wp-block-file__button wp-element-button\" download aria-describedby=\"wp-block-file--media-9e601765-1941-40f9-b4e7-ef0e3e5375b8\">Download<\/a><\/div>\n<\/div>\n<\/div>\n\n\n\n<p><\/p>\n\n\n\n<p><\/p>\n\n\n\n<p><\/p>\n\n\n\n<p><\/p>","protected":false},"excerpt":{"rendered":"<p>Turning to the richness of the ancient layers of Latvian traditional music, the Latvian National Cultural Centre has prepared a methodological material in electronic format \u201csaid songs. Practical guide '. The publishers of the edition are Eva Tihovska, Zane Smite and Ilze hat the Latvian storyteller association, in collaboration with LNKC and UNESCO LNK, prepared e-publication\u201c place, case and human stories. Narrative traditions in Latvian culture, which collects 2018 [\u2026]<\/p>","protected":false},"author":1,"featured_media":0,"parent":0,"menu_order":0,"comment_status":"closed","ping_status":"closed","template":"","meta":{"footnotes":""},"class_list":["post-1557","page","type-page","status-publish","hentry"],"_links":{"self":[{"href":"https:\/\/nematerialakultura.lv\/en\/wp-json\/wp\/v2\/pages\/1557","targetHints":{"allow":["GET"]}}],"collection":[{"href":"https:\/\/nematerialakultura.lv\/en\/wp-json\/wp\/v2\/pages"}],"about":[{"href":"https:\/\/nematerialakultura.lv\/en\/wp-json\/wp\/v2\/types\/page"}],"author":[{"embeddable":true,"href":"https:\/\/nematerialakultura.lv\/en\/wp-json\/wp\/v2\/users\/1"}],"replies":[{"embeddable":true,"href":"https:\/\/nematerialakultura.lv\/en\/wp-json\/wp\/v2\/comments?post=1557"}],"version-history":[{"count":20,"href":"https:\/\/nematerialakultura.lv\/en\/wp-json\/wp\/v2\/pages\/1557\/revisions"}],"predecessor-version":[{"id":8835,"href":"https:\/\/nematerialakultura.lv\/en\/wp-json\/wp\/v2\/pages\/1557\/revisions\/8835"}],"wp:attachment":[{"href":"https:\/\/nematerialakultura.lv\/en\/wp-json\/wp\/v2\/media?parent=1557"}],"curies":[{"name":"wp","href":"https:\/\/api.w.org\/{rel}","templated":true}]}}