{"id":159,"date":"2020-09-11T14:04:16","date_gmt":"2020-09-11T12:04:16","guid":{"rendered":"https:\/\/nematerialakultura.lv\/?page_id=159"},"modified":"2025-12-03T14:45:50","modified_gmt":"2025-12-03T12:45:50","slug":"nkm-padome","status":"publish","type":"page","link":"https:\/\/nematerialakultura.lv\/en\/nkm-padome\/","title":{"rendered":"Council of ICH"},"content":{"rendered":"<p><a href=\"https:\/\/nematerialakultura.lv\/en\/nkm-padome\/\" data-type=\"link\" data-id=\"https:\/\/nematerialakultura.lv\/nkm-padome\/\"><strong>Nemateri\u0101l\u0101 kult\u016bras mantojuma padome 2026<\/strong><\/a><\/p>\n\n\n\n<p><strong><a href=\"https:\/\/www.lnkc.gov.lv\/lv\/media\/20702\/download?attachment\" data-type=\"URL\" data-id=\"https:\/\/www.lnkc.gov.lv\/lv\/media\/20702\/download?attachment\" target=\"_blank\" rel=\"noreferrer noopener\">Council Regulation of the Intangible Cultural Heritage<\/a><\/strong><\/p>\n\n\n\n<p><\/p>","protected":false},"excerpt":{"rendered":"<p>Nemateri\u0101l\u0101 kult\u016bras mantojuma padome 2026 Nemateri\u0101l\u0101 kult\u016bras mantojuma padomes nolikums<\/p>","protected":false},"author":1,"featured_media":0,"parent":0,"menu_order":0,"comment_status":"closed","ping_status":"closed","template":"","meta":{"footnotes":""},"class_list":["post-159","page","type-page","status-publish","hentry"],"_links":{"self":[{"href":"https:\/\/nematerialakultura.lv\/en\/wp-json\/wp\/v2\/pages\/159","targetHints":{"allow":["GET"]}}],"collection":[{"href":"https:\/\/nematerialakultura.lv\/en\/wp-json\/wp\/v2\/pages"}],"about":[{"href":"https:\/\/nematerialakultura.lv\/en\/wp-json\/wp\/v2\/types\/page"}],"author":[{"embeddable":true,"href":"https:\/\/nematerialakultura.lv\/en\/wp-json\/wp\/v2\/users\/1"}],"replies":[{"embeddable":true,"href":"https:\/\/nematerialakultura.lv\/en\/wp-json\/wp\/v2\/comments?post=159"}],"version-history":[{"count":16,"href":"https:\/\/nematerialakultura.lv\/en\/wp-json\/wp\/v2\/pages\/159\/revisions"}],"predecessor-version":[{"id":8811,"href":"https:\/\/nematerialakultura.lv\/en\/wp-json\/wp\/v2\/pages\/159\/revisions\/8811"}],"wp:attachment":[{"href":"https:\/\/nematerialakultura.lv\/en\/wp-json\/wp\/v2\/media?parent=159"}],"curies":[{"name":"wp","href":"https:\/\/api.w.org\/{rel}","templated":true}]}}